{"id":552,"date":"2022-09-16T17:20:45","date_gmt":"2022-09-16T17:20:45","guid":{"rendered":"https:\/\/sie-sta-perpetua.com\/?page_id=552"},"modified":"2023-02-21T04:38:27","modified_gmt":"2023-02-21T04:38:27","slug":"noticias","status":"publish","type":"page","link":"https:\/\/sie-sta-perpetua.com\/es\/noticias\/","title":{"rendered":"Noticias"},"content":{"rendered":"\t\t<div data-elementor-type=\"wp-page\" data-elementor-id=\"552\" class=\"elementor elementor-552 elementor-23\" data-elementor-post-type=\"page\">\n\t\t\t\t\t\t<section class=\"elementor-section elementor-top-section elementor-element elementor-element-99d1cec elementor-section-boxed elementor-section-height-default elementor-section-height-default\" data-id=\"99d1cec\" data-element_type=\"section\" data-e-type=\"section\" data-settings=\"{&quot;background_background&quot;:&quot;classic&quot;}\">\n\t\t\t\t\t\t<div class=\"elementor-container elementor-column-gap-default\">\n\t\t\t\t\t<div class=\"elementor-column elementor-col-100 elementor-top-column elementor-element elementor-element-8eeb258\" data-id=\"8eeb258\" data-element_type=\"column\" data-e-type=\"column\">\n\t\t\t<div class=\"elementor-widget-wrap elementor-element-populated\">\n\t\t\t\t\t\t<div class=\"elementor-element elementor-element-4ae740b elementor-widget elementor-widget-heading\" data-id=\"4ae740b\" data-element_type=\"widget\" data-e-type=\"widget\" data-widget_type=\"heading.default\">\n\t\t\t\t<div class=\"elementor-widget-container\">\n\t\t\t\t\t<h2 class=\"elementor-heading-title elementor-size-default\">NOTICIAS<\/h2>\t\t\t\t<\/div>\n\t\t\t\t<\/div>\n\t\t\t\t\t<\/div>\n\t\t<\/div>\n\t\t\t\t\t<\/div>\n\t\t<\/section>\n\t\t\t\t<section class=\"elementor-section elementor-top-section elementor-element elementor-element-ce55c42 elementor-section-boxed elementor-section-height-default elementor-section-height-default\" data-id=\"ce55c42\" data-element_type=\"section\" data-e-type=\"section\">\n\t\t\t\t\t\t<div class=\"elementor-container elementor-column-gap-default\">\n\t\t\t\t\t<div class=\"elementor-column elementor-col-100 elementor-top-column elementor-element elementor-element-42e7ba2\" data-id=\"42e7ba2\" data-element_type=\"column\" data-e-type=\"column\">\n\t\t\t<div class=\"elementor-widget-wrap elementor-element-populated\">\n\t\t\t\t\t\t<div class=\"elementor-element elementor-element-00b1418 elementor-grid-3 elementor-grid-tablet-2 elementor-grid-mobile-1 elementor-posts--thumbnail-top elementor-card-shadow-yes elementor-posts__hover-gradient elementor-widget elementor-widget-posts\" data-id=\"00b1418\" data-element_type=\"widget\" data-e-type=\"widget\" data-settings=\"{&quot;cards_columns&quot;:&quot;3&quot;,&quot;cards_columns_tablet&quot;:&quot;2&quot;,&quot;cards_columns_mobile&quot;:&quot;1&quot;,&quot;cards_row_gap&quot;:{&quot;unit&quot;:&quot;px&quot;,&quot;size&quot;:35,&quot;sizes&quot;:[]},&quot;cards_row_gap_tablet&quot;:{&quot;unit&quot;:&quot;px&quot;,&quot;size&quot;:&quot;&quot;,&quot;sizes&quot;:[]},&quot;cards_row_gap_mobile&quot;:{&quot;unit&quot;:&quot;px&quot;,&quot;size&quot;:&quot;&quot;,&quot;sizes&quot;:[]}}\" data-widget_type=\"posts.cards\">\n\t\t\t\t<div class=\"elementor-widget-container\">\n\t\t\t\t\t\t\t<div class=\"elementor-posts-container elementor-posts elementor-posts--skin-cards elementor-grid\" role=\"list\">\n\t\t\t\t<article class=\"elementor-post elementor-grid-item post-682 post type-post status-publish format-standard has-post-thumbnail hentry category-empresa-es category-energias-renovables category-ingenieria\" role=\"listitem\">\n\t\t\t<div class=\"elementor-post__card\">\n\t\t\t\t<a class=\"elementor-post__thumbnail__link\" href=\"https:\/\/sie-sta-perpetua.com\/es\/ademas-de-poner-tambien-nos-lo-ponemos\/\" tabindex=\"-1\" ><div class=\"elementor-post__thumbnail\"><img fetchpriority=\"high\" decoding=\"async\" width=\"300\" height=\"225\" src=\"https:\/\/sie-sta-perpetua.com\/wp-content\/uploads\/2022\/09\/01_linkedin-300x225.jpg\" class=\"attachment-medium size-medium wp-image-503\" alt=\"\" srcset=\"https:\/\/sie-sta-perpetua.com\/wp-content\/uploads\/2022\/09\/01_linkedin-300x225.jpg 300w, https:\/\/sie-sta-perpetua.com\/wp-content\/uploads\/2022\/09\/01_linkedin-1024x768.jpg 1024w, https:\/\/sie-sta-perpetua.com\/wp-content\/uploads\/2022\/09\/01_linkedin-768x576.jpg 768w, https:\/\/sie-sta-perpetua.com\/wp-content\/uploads\/2022\/09\/01_linkedin-1536x1152.jpg 1536w, https:\/\/sie-sta-perpetua.com\/wp-content\/uploads\/2022\/09\/01_linkedin.jpg 1600w\" sizes=\"(max-width: 300px) 100vw, 300px\" \/><\/div><\/a>\n\t\t\t\t<div class=\"elementor-post__badge\">Empresa<\/div>\n\t\t\t\t<div class=\"elementor-post__text\">\n\t\t\t\t<h3 class=\"elementor-post__title\">\n\t\t\t<a href=\"https:\/\/sie-sta-perpetua.com\/es\/ademas-de-poner-tambien-nos-lo-ponemos\/\" >\n\t\t\t\tAdem\u00c3\u00a1s de poner, tambi\u00c3\u00a9n nos lo ponemos\t\t\t<\/a>\n\t\t<\/h3>\n\t\t\t\t<div class=\"elementor-post__excerpt\">\n\t\t\t<p>No puedes recomendar un producto a tus clientes si t\u00c3\u00ba mismo no lo utilizar\u00c3\u00adas. As\u00c3\u00ad que nosotros tambi\u00c3\u00a9n nos hemos pasado a la #fotovoltaica #energiarenovable<\/p>\n\t\t<\/div>\n\t\t\n\t\t<a class=\"elementor-post__read-more\" href=\"https:\/\/sie-sta-perpetua.com\/es\/ademas-de-poner-tambien-nos-lo-ponemos\/\" aria-label=\"M\u00e1s informaci\u00f3n sobre Adem\u00c3\u00a1s de poner, tambi\u00c3\u00a9n nos lo ponemos\" tabindex=\"-1\" >\n\t\t\tllegir m\u00e9s \u00bb\t\t<\/a>\n\n\t\t\t\t<\/div>\n\t\t\t\t\t<\/div>\n\t\t<\/article>\n\t\t\t\t<article class=\"elementor-post elementor-grid-item post-680 post type-post status-publish format-standard has-post-thumbnail hentry category-electricidad category-empresa-es category-energias-renovables category-general-es category-ingenieria\" role=\"listitem\">\n\t\t\t<div class=\"elementor-post__card\">\n\t\t\t\t<a class=\"elementor-post__thumbnail__link\" href=\"https:\/\/sie-sta-perpetua.com\/es\/nueva-normativa-por-el-fomento-de-la-movilidad-electrica-%f0%9f%94%8b%f0%9f%9a%98-%e2%9a%a1\/\" tabindex=\"-1\" ><div class=\"elementor-post__thumbnail\"><img decoding=\"async\" width=\"300\" height=\"169\" src=\"https:\/\/sie-sta-perpetua.com\/wp-content\/uploads\/2022\/09\/86af7621-6acf-8d26-1f8e-fe18571a26e3-300x169.jpg\" class=\"attachment-medium size-medium wp-image-502\" alt=\"\" srcset=\"https:\/\/sie-sta-perpetua.com\/wp-content\/uploads\/2022\/09\/86af7621-6acf-8d26-1f8e-fe18571a26e3-300x169.jpg 300w, https:\/\/sie-sta-perpetua.com\/wp-content\/uploads\/2022\/09\/86af7621-6acf-8d26-1f8e-fe18571a26e3-1024x576.jpg 1024w, https:\/\/sie-sta-perpetua.com\/wp-content\/uploads\/2022\/09\/86af7621-6acf-8d26-1f8e-fe18571a26e3-768x432.jpg 768w, https:\/\/sie-sta-perpetua.com\/wp-content\/uploads\/2022\/09\/86af7621-6acf-8d26-1f8e-fe18571a26e3-1536x864.jpg 1536w, https:\/\/sie-sta-perpetua.com\/wp-content\/uploads\/2022\/09\/86af7621-6acf-8d26-1f8e-fe18571a26e3.jpg 1920w\" sizes=\"(max-width: 300px) 100vw, 300px\" \/><\/div><\/a>\n\t\t\t\t<div class=\"elementor-post__badge\">Electricidad<\/div>\n\t\t\t\t<div class=\"elementor-post__text\">\n\t\t\t\t<h3 class=\"elementor-post__title\">\n\t\t\t<a href=\"https:\/\/sie-sta-perpetua.com\/es\/nueva-normativa-por-el-fomento-de-la-movilidad-electrica-%f0%9f%94%8b%f0%9f%9a%98-%e2%9a%a1\/\" >\n\t\t\t\tNUEVA NORMATIVA POR EL FOMENTO DE LA MOVILIDAD EL\u00c3\u2030CTRICA \u00f0\u0178\u201d\u2039\u00f0\u0178\u0161\u02dc \u00e2\u0161\u00a1\t\t\t<\/a>\n\t\t<\/h3>\n\t\t\t\t<div class=\"elementor-post__excerpt\">\n\t\t\t<p>El estado aprob\u00c3\u00b3\u00c2\u00a0el nuevo Real decreto ley 29\/2021, por el cual se adoptan medidas urgentes en el \u00c3\u00a1mbito energ\u00c3\u00a9tico por el fomento de la movilidad<\/p>\n\t\t<\/div>\n\t\t\n\t\t<a class=\"elementor-post__read-more\" href=\"https:\/\/sie-sta-perpetua.com\/es\/nueva-normativa-por-el-fomento-de-la-movilidad-electrica-%f0%9f%94%8b%f0%9f%9a%98-%e2%9a%a1\/\" aria-label=\"M\u00e1s informaci\u00f3n sobre NUEVA NORMATIVA POR EL FOMENTO DE LA MOVILIDAD EL\u00c3\u2030CTRICA \u00f0\u0178\u201d\u2039\u00f0\u0178\u0161\u02dc \u00e2\u0161\u00a1\" tabindex=\"-1\" >\n\t\t\tllegir m\u00e9s \u00bb\t\t<\/a>\n\n\t\t\t\t<\/div>\n\t\t\t\t\t<\/div>\n\t\t<\/article>\n\t\t\t\t<article class=\"elementor-post elementor-grid-item post-678 post type-post status-publish format-standard has-post-thumbnail hentry category-contra-incendios category-electricidad category-empresa-es category-mantenimientos-industriales-y-domesticos\" role=\"listitem\">\n\t\t\t<div class=\"elementor-post__card\">\n\t\t\t\t<a class=\"elementor-post__thumbnail__link\" href=\"https:\/\/sie-sta-perpetua.com\/es\/sistema-de-extincion-automatica-para-armarios-electricos\/\" tabindex=\"-1\" ><div class=\"elementor-post__thumbnail\"><img decoding=\"async\" width=\"300\" height=\"169\" src=\"https:\/\/sie-sta-perpetua.com\/wp-content\/uploads\/2022\/09\/PROPOSTA-1-SIE-300x169.jpg\" class=\"attachment-medium size-medium wp-image-501\" alt=\"\" srcset=\"https:\/\/sie-sta-perpetua.com\/wp-content\/uploads\/2022\/09\/PROPOSTA-1-SIE-300x169.jpg 300w, https:\/\/sie-sta-perpetua.com\/wp-content\/uploads\/2022\/09\/PROPOSTA-1-SIE-1024x576.jpg 1024w, https:\/\/sie-sta-perpetua.com\/wp-content\/uploads\/2022\/09\/PROPOSTA-1-SIE-768x432.jpg 768w, https:\/\/sie-sta-perpetua.com\/wp-content\/uploads\/2022\/09\/PROPOSTA-1-SIE.jpg 1280w\" sizes=\"(max-width: 300px) 100vw, 300px\" \/><\/div><\/a>\n\t\t\t\t<div class=\"elementor-post__badge\">Contra incendios<\/div>\n\t\t\t\t<div class=\"elementor-post__text\">\n\t\t\t\t<h3 class=\"elementor-post__title\">\n\t\t\t<a href=\"https:\/\/sie-sta-perpetua.com\/es\/sistema-de-extincion-automatica-para-armarios-electricos\/\" >\n\t\t\t\tSISTEMA DE EXTINCI\u00c3\u201cN AUTOM\u00c3\u0081TICA PARA ARMARIOS EL\u00c3\u2030CTRICOS\t\t\t<\/a>\n\t\t<\/h3>\n\t\t\t\t<div class=\"elementor-post__excerpt\">\n\t\t\t<p>Muchos de los incendios\u00c2\u00a0\u00f0\u0178\u201d\u00a5\u00c2\u00a0que se generan a los establecimientos (especialmente a las naves industriales\u00c2\u00a0\u00f0\u0178\u008f\u00ad) tienen su foco en el cuadro el\u00c3\u00a9ctrico general y sus\u00c2\u00a0subcuadros\u00c2\u00a0\u00e2\u0161\u00a1. Este<\/p>\n\t\t<\/div>\n\t\t\n\t\t<a class=\"elementor-post__read-more\" href=\"https:\/\/sie-sta-perpetua.com\/es\/sistema-de-extincion-automatica-para-armarios-electricos\/\" aria-label=\"M\u00e1s informaci\u00f3n sobre SISTEMA DE EXTINCI\u00c3\u201cN AUTOM\u00c3\u0081TICA PARA ARMARIOS EL\u00c3\u2030CTRICOS\" tabindex=\"-1\" >\n\t\t\tllegir m\u00e9s \u00bb\t\t<\/a>\n\n\t\t\t\t<\/div>\n\t\t\t\t\t<\/div>\n\t\t<\/article>\n\t\t\t\t<article class=\"elementor-post elementor-grid-item post-676 post type-post status-publish format-standard has-post-thumbnail hentry category-electricidad category-empresa-es category-energias-renovables category-general-es category-ingenieria category-seguridad\" role=\"listitem\">\n\t\t\t<div class=\"elementor-post__card\">\n\t\t\t\t<a class=\"elementor-post__thumbnail__link\" href=\"https:\/\/sie-sta-perpetua.com\/es\/instalacion-de-semaforos-y-alumbrado-publico-led-en-sant-salvador-de-guardiola-manresa\/\" tabindex=\"-1\" ><div class=\"elementor-post__thumbnail\"><img loading=\"lazy\" decoding=\"async\" width=\"300\" height=\"225\" src=\"https:\/\/sie-sta-perpetua.com\/wp-content\/uploads\/2022\/09\/217a65ca-1dd8-4df2-ad38-1ee9b83866df-300x225.jpg\" class=\"attachment-medium size-medium wp-image-497\" alt=\"\" srcset=\"https:\/\/sie-sta-perpetua.com\/wp-content\/uploads\/2022\/09\/217a65ca-1dd8-4df2-ad38-1ee9b83866df-300x225.jpg 300w, https:\/\/sie-sta-perpetua.com\/wp-content\/uploads\/2022\/09\/217a65ca-1dd8-4df2-ad38-1ee9b83866df-1024x768.jpg 1024w, https:\/\/sie-sta-perpetua.com\/wp-content\/uploads\/2022\/09\/217a65ca-1dd8-4df2-ad38-1ee9b83866df-768x576.jpg 768w, https:\/\/sie-sta-perpetua.com\/wp-content\/uploads\/2022\/09\/217a65ca-1dd8-4df2-ad38-1ee9b83866df-1536x1152.jpg 1536w, https:\/\/sie-sta-perpetua.com\/wp-content\/uploads\/2022\/09\/217a65ca-1dd8-4df2-ad38-1ee9b83866df.jpg 2000w\" sizes=\"(max-width: 300px) 100vw, 300px\" \/><\/div><\/a>\n\t\t\t\t<div class=\"elementor-post__badge\">Electricidad<\/div>\n\t\t\t\t<div class=\"elementor-post__text\">\n\t\t\t\t<h3 class=\"elementor-post__title\">\n\t\t\t<a href=\"https:\/\/sie-sta-perpetua.com\/es\/instalacion-de-semaforos-y-alumbrado-publico-led-en-sant-salvador-de-guardiola-manresa\/\" >\n\t\t\t\tInstalaci\u00c3\u00b3n de sem\u00c3\u00a1foros y alumbrado p\u00c3\u00bablico LED en Sant Salvador de Guardiola (Manresa)\t\t\t<\/a>\n\t\t<\/h3>\n\t\t\t\t<div class=\"elementor-post__excerpt\">\n\t\t\t<p>Instalaci\u00c3\u00b3n de sem\u00c3\u00a1foros\u00c2\u00a0\u00f0\u0178\u0161\u00a6 para la regulaci\u00c3\u00b3n del tr\u00c3\u00a1nsito de veh\u00c3\u00adculos y de peatones, as\u00c3\u00ad como la sustituci\u00c3\u00b3n del antiguo alumbrado p\u00c3\u00bablico\u00c2\u00a0\u00f0\u0178\u2019\u00a1 por luminarias del tipo<\/p>\n\t\t<\/div>\n\t\t\n\t\t<a class=\"elementor-post__read-more\" href=\"https:\/\/sie-sta-perpetua.com\/es\/instalacion-de-semaforos-y-alumbrado-publico-led-en-sant-salvador-de-guardiola-manresa\/\" aria-label=\"M\u00e1s informaci\u00f3n sobre Instalaci\u00c3\u00b3n de sem\u00c3\u00a1foros y alumbrado p\u00c3\u00bablico LED en Sant Salvador de Guardiola (Manresa)\" tabindex=\"-1\" >\n\t\t\tllegir m\u00e9s \u00bb\t\t<\/a>\n\n\t\t\t\t<\/div>\n\t\t\t\t\t<\/div>\n\t\t<\/article>\n\t\t\t\t<article class=\"elementor-post elementor-grid-item post-674 post type-post status-publish format-standard has-post-thumbnail hentry category-agua category-aire-comprimido category-automatismo category-climatitzacion category-contra-incendios category-electricidad category-empresa-es category-energias-renovables category-general-es category-ingenieria category-mantenimientos-industriales-y-domesticos category-petroleo category-seguridad category-telecomunicaciones\" role=\"listitem\">\n\t\t\t<div class=\"elementor-post__card\">\n\t\t\t\t<a class=\"elementor-post__thumbnail__link\" href=\"https:\/\/sie-sta-perpetua.com\/es\/auditoria-energetica\/\" tabindex=\"-1\" ><div class=\"elementor-post__thumbnail\"><img loading=\"lazy\" decoding=\"async\" width=\"300\" height=\"234\" src=\"https:\/\/sie-sta-perpetua.com\/wp-content\/uploads\/2022\/09\/eficiencia-energetica1.jpg_1041655378-300x234.jpg\" class=\"attachment-medium size-medium wp-image-490\" alt=\"\" srcset=\"https:\/\/sie-sta-perpetua.com\/wp-content\/uploads\/2022\/09\/eficiencia-energetica1.jpg_1041655378-300x234.jpg 300w, https:\/\/sie-sta-perpetua.com\/wp-content\/uploads\/2022\/09\/eficiencia-energetica1.jpg_1041655378.jpg 398w\" sizes=\"(max-width: 300px) 100vw, 300px\" \/><\/div><\/a>\n\t\t\t\t<div class=\"elementor-post__badge\">Agua<\/div>\n\t\t\t\t<div class=\"elementor-post__text\">\n\t\t\t\t<h3 class=\"elementor-post__title\">\n\t\t\t<a href=\"https:\/\/sie-sta-perpetua.com\/es\/auditoria-energetica\/\" >\n\t\t\t\tAuditoria Energ\u00c3\u00a9tica\t\t\t<\/a>\n\t\t<\/h3>\n\t\t\t\t<div class=\"elementor-post__excerpt\">\n\t\t\t<p>\u00c2\u00bfQuieres ahorrar dinero?\u00c2\u00bfSu empresa necesita una auditoria energ\u00c3\u00a9tica seg\u00c3\u00ban el Real Decreto 56\/2016? \u00c2\u00bfQuieres conocer el estado energ\u00c3\u00a9tico que se encuentra su negocio? Podemos realizar<\/p>\n\t\t<\/div>\n\t\t\n\t\t<a class=\"elementor-post__read-more\" href=\"https:\/\/sie-sta-perpetua.com\/es\/auditoria-energetica\/\" aria-label=\"M\u00e1s informaci\u00f3n sobre Auditoria Energ\u00c3\u00a9tica\" tabindex=\"-1\" >\n\t\t\tllegir m\u00e9s \u00bb\t\t<\/a>\n\n\t\t\t\t<\/div>\n\t\t\t\t\t<\/div>\n\t\t<\/article>\n\t\t\t\t<article class=\"elementor-post elementor-grid-item post-672 post type-post status-publish format-standard hentry category-contra-incendios category-empresa-es category-general-es category-mantenimientos-industriales-y-domesticos\" role=\"listitem\">\n\t\t\t<div class=\"elementor-post__card\">\n\t\t\t\t<div class=\"elementor-post__text\">\n\t\t\t\t<h3 class=\"elementor-post__title\">\n\t\t\t<a href=\"https:\/\/sie-sta-perpetua.com\/es\/%f0%9f%9a%a8-nueva-oferta-de-trabajo-%f0%9f%92%bc-oficial-de-1a-electricista%f0%9f%92%a1\/\" >\n\t\t\t\t\u00f0\u0178\u0161\u00a8 Nueva oferta de trabajo \u00f0\u0178\u2019\u00bc: OFICIAL DE 1a ELECTRICISTA\u00f0\u0178\u2019\u00a1\t\t\t<\/a>\n\t\t<\/h3>\n\t\t\t\t<div class=\"elementor-post__excerpt\">\n\t\t\t<p>\u00f0\u0178\u0161\u00a8 Nueva oferta de trabajo \u00f0\u0178\u2019\u00bc: OFICIAL DE 1a ELECTRICISTA\u00f0\u0178\u2019\u00a1 Para visualizar la oferta de trabajo clica a continuaci\u00c3\u00b3n:\u00c2\u00a0sie oferta\u00c2\u00a0trabajo 2021 Linkedin<\/p>\n\t\t<\/div>\n\t\t\n\t\t<a class=\"elementor-post__read-more\" href=\"https:\/\/sie-sta-perpetua.com\/es\/%f0%9f%9a%a8-nueva-oferta-de-trabajo-%f0%9f%92%bc-oficial-de-1a-electricista%f0%9f%92%a1\/\" aria-label=\"M\u00e1s informaci\u00f3n sobre \u00f0\u0178\u0161\u00a8 Nueva oferta de trabajo \u00f0\u0178\u2019\u00bc: OFICIAL DE 1a ELECTRICISTA\u00f0\u0178\u2019\u00a1\" tabindex=\"-1\" >\n\t\t\tllegir m\u00e9s \u00bb\t\t<\/a>\n\n\t\t\t\t<\/div>\n\t\t\t\t\t<\/div>\n\t\t<\/article>\n\t\t\t\t<\/div>\n\t\t\n\t\t\t\t\t\t<\/div>\n\t\t\t\t<\/div>\n\t\t\t\t\t<\/div>\n\t\t<\/div>\n\t\t\t\t\t<\/div>\n\t\t<\/section>\n\t\t\t\t<\/div>\n\t\t","protected":false},"excerpt":{"rendered":"<p>NOTICIAS<\/p>\n","protected":false},"author":1,"featured_media":0,"parent":0,"menu_order":0,"comment_status":"closed","ping_status":"closed","template":"elementor_header_footer","meta":{"footnotes":""},"class_list":["post-552","page","type-page","status-publish","hentry"],"_links":{"self":[{"href":"https:\/\/sie-sta-perpetua.com\/es\/wp-json\/wp\/v2\/pages\/552","targetHints":{"allow":["GET"]}}],"collection":[{"href":"https:\/\/sie-sta-perpetua.com\/es\/wp-json\/wp\/v2\/pages"}],"about":[{"href":"https:\/\/sie-sta-perpetua.com\/es\/wp-json\/wp\/v2\/types\/page"}],"author":[{"embeddable":true,"href":"https:\/\/sie-sta-perpetua.com\/es\/wp-json\/wp\/v2\/users\/1"}],"replies":[{"embeddable":true,"href":"https:\/\/sie-sta-perpetua.com\/es\/wp-json\/wp\/v2\/comments?post=552"}],"version-history":[{"count":4,"href":"https:\/\/sie-sta-perpetua.com\/es\/wp-json\/wp\/v2\/pages\/552\/revisions"}],"predecessor-version":[{"id":556,"href":"https:\/\/sie-sta-perpetua.com\/es\/wp-json\/wp\/v2\/pages\/552\/revisions\/556"}],"wp:attachment":[{"href":"https:\/\/sie-sta-perpetua.com\/es\/wp-json\/wp\/v2\/media?parent=552"}],"curies":[{"name":"wp","href":"https:\/\/api.w.org\/{rel}","templated":true}]}}