{"id":717,"date":"2022-09-21T21:18:09","date_gmt":"2022-09-21T21:18:09","guid":{"rendered":"https:\/\/sie-sta-perpetua.com\/?page_id=717"},"modified":"2026-02-09T15:09:32","modified_gmt":"2026-02-09T15:09:32","slug":"politicas-de-privacidad","status":"publish","type":"page","link":"https:\/\/sie-sta-perpetua.com\/es\/politicas-de-privacidad\/","title":{"rendered":"Pol\u00edticas de privacidad"},"content":{"rendered":"\t\t<div data-elementor-type=\"wp-page\" data-elementor-id=\"717\" class=\"elementor elementor-717 elementor-711\" data-elementor-post-type=\"page\">\n\t\t\t\t\t\t<section class=\"elementor-section elementor-top-section elementor-element elementor-element-e3bd7c4 elementor-section-boxed elementor-section-height-default elementor-section-height-default\" data-id=\"e3bd7c4\" data-element_type=\"section\" data-e-type=\"section\" data-settings=\"{&quot;background_background&quot;:&quot;classic&quot;}\">\n\t\t\t\t\t\t<div class=\"elementor-container elementor-column-gap-default\">\n\t\t\t\t\t<div class=\"elementor-column elementor-col-100 elementor-top-column elementor-element elementor-element-0a25ea8\" data-id=\"0a25ea8\" data-element_type=\"column\" data-e-type=\"column\">\n\t\t\t<div class=\"elementor-widget-wrap elementor-element-populated\">\n\t\t\t\t\t\t<div class=\"elementor-element elementor-element-6bc6fb0 elementor-widget elementor-widget-heading\" data-id=\"6bc6fb0\" data-element_type=\"widget\" data-e-type=\"widget\" data-widget_type=\"heading.default\">\n\t\t\t\t<div class=\"elementor-widget-container\">\n\t\t\t\t\t<h2 class=\"elementor-heading-title elementor-size-default\">Pol\u00edticas de privacidad<\/h2>\t\t\t\t<\/div>\n\t\t\t\t<\/div>\n\t\t\t\t\t<\/div>\n\t\t<\/div>\n\t\t\t\t\t<\/div>\n\t\t<\/section>\n\t\t\t\t<section class=\"elementor-section elementor-top-section elementor-element elementor-element-16b6be1 elementor-section-boxed elementor-section-height-default elementor-section-height-default\" data-id=\"16b6be1\" data-element_type=\"section\" data-e-type=\"section\">\n\t\t\t\t\t\t<div class=\"elementor-container elementor-column-gap-default\">\n\t\t\t\t\t<div class=\"elementor-column elementor-col-100 elementor-top-column elementor-element elementor-element-0898a8d\" data-id=\"0898a8d\" data-element_type=\"column\" data-e-type=\"column\">\n\t\t\t<div class=\"elementor-widget-wrap elementor-element-populated\">\n\t\t\t\t\t\t<div class=\"elementor-element elementor-element-b46bd55 elementor-widget elementor-widget-text-editor\" data-id=\"b46bd55\" data-element_type=\"widget\" data-e-type=\"widget\" data-widget_type=\"text-editor.default\">\n\t\t\t\t<div class=\"elementor-widget-container\">\n\t\t\t\t\t\t\t\t\t<p>SIE Sta. Perp\u00e8tua, S.L. es una empresa en la que la transparencia en la informaci\u00f3n es fundamental para establecer una relaci\u00f3n de confianza con las personas que forman nuestro proyecto y con nuestros proveedores y clientes, siendo la protecci\u00f3n de los datos personales de las personas que conf\u00edan en nosotros de vital importancia, por lo que queremos mediante la presente Pol\u00edtica de privacidad y protecci\u00f3n de datos personales, informarte de c\u00f3mo recabamos y c\u00f3mo tratamos o utilizamos dichos datos.<\/p><p>En esta pol\u00edtica de privacidad y protecci\u00f3n de datos personales se establecen las bases sobre las que SIE Sta. Perp\u00e8tua, S.L., con domicilio en C\/ Nord, 27. P.I. Can Bernades Subir\u00e0. 08130 &#8211; Santa Perp\u00e8tua de Mogoda (Barcelona), trata los datos de car\u00e1cter personal que voluntariamente nos facilitan nuestros usuarios a trav\u00e9s de la p\u00e1gina web.<\/p><p>Esta Pol\u00edtica siempre ser\u00e1 aplicable cuando se faciliten datos a SIE Sta. Perp\u00e8tua, S.L., el cual ser\u00e1 responsable de sus datos (Responsable del Tratamiento de los Datos), y a trav\u00e9s de cualquiera de los formularios de contacto o suscripci\u00f3n donde se recojan datos de car\u00e1cter personal (nombre, email, etc.).<\/p><p><strong><u>A QU\u00c9 NOS COMPROMETEMOS<\/u><\/strong><\/p><ul><li>A respetar la privacidad de nuestros usuarios y tratar los datos personales con el consentimiento de los mismos.<\/li><li>A tratar los datos personales que estrictamente necesitemos para dar el servicio solicitado, y tratarlos de forma segura y confidencial, tomando las medidas necesarias para evitar el acceso no autorizado y el uso indebido de los mismos.<\/li><li>A no utilizar los datos personales para finalidades para las que no hemos obtenido previamente el consentimiento.<\/li><li>A no dar los datos personales a terceros ni compartirlos.<\/li><li>A conservar los datos personales durante el tiempo estrictamente necesario para la finalidad concreta para la que han sido proporcionados.<\/li><\/ul><p><strong><u>QU\u00c9 DATOS PERSONALES UTILIZAMOS<\/u><\/strong><\/p><p><strong>A trav\u00e9s de nue<\/strong>stra p\u00e1gina web podemos recabar datos personales para diferentes finalidades:<\/p><ul><li>Solicitud de informaci\u00f3n por parte del usuario<\/li><\/ul><p>Dependiendo de la finalidad para la que se aportan los datos, ser\u00e1n requeridos los datos estrictamente necesarios.<\/p><p>Es importante que el usuario sea consciente de los datos que aporta y la finalidad para la que lo hace porque en el momento que los facilita, est\u00e1 aceptando que recopilemos, almacenemos y usemos dichos datos para la finalidad requerida, pudiendo en cualquier momento retirar el consentimiento prestado por los cauces oportunos siendo el consentimiento del interesado la base legal y legitimaci\u00f3n para el tratamiento de sus datos personales.<\/p><p><strong><u>EXACTITUD Y VERACIDAD DE LOS DATOS<\/u><\/strong><\/p><p>El usuario, al aportar los datos requeridos en los formularios es el \u00fanico responsable de la veracidad de los datos remitidos, garantizando y respondiendo de la exactitud, vigencia y autenticidad de los datos personales facilitados, comprometi\u00e9ndose a mantenerlos debidamente actualizados.<\/p><p><strong><u>QU\u00c9 DERECHOS TIENE SOBRE LOS DATOS PERSONALES APORTADOS<\/u><\/strong><\/p><p>Una vez aportados los datos personales tendr\u00e1 derecho a:<\/p><ul><li>consultar cualquier duda y a que se le informe de c\u00f3mo usamos los datos y a obtener ACCESO a los mismos.<\/li><li>que se RECTIFIQUE o borre su informaci\u00f3n o a imponer LIMITACIONES en el tratamiento de la misma.<\/li><li>CANCELACI\u00d3N de los datos.<\/li><li>OPONERSE al tratamiento de sus datos.<\/li><li>PORTABILIDAD de los datos.<\/li><\/ul><p>En cualquier momento, podr\u00e1 ejercitar estos Derechos, mediante un escrito y acreditando su personalidad dirigida a SIE Sta. Perp\u00e8tua, S.L., en C\/ Nord, 27. P.I. Can Bernades Subir\u00e0. 08130 &#8211; Santa Perp\u00e8tua de Mogoda (Barcelona), o a trav\u00e9s de la direcci\u00f3n de correo electr\u00f3nico: sie@sie-sta-perpetua.com.<\/p><p>Adem\u00e1s, podr\u00e1 presentar una reclamaci\u00f3n ante la autoridad de control, en este caso, la Agencia Espa\u00f1ola de Protecci\u00f3n de Datos, si considera que el tratamiento de datos personales infringe la legislaci\u00f3n aplicable.<\/p><p><strong><u>SEGURIDAD Y ALMACENAMIENTO DE LOS DATOS<\/u><\/strong><\/p><p>Mantendremos los datos durante el tiempo estrictamente necesario para la prestaci\u00f3n del servicio solicitado y mientras el titular no solicite su eliminaci\u00f3n, adoptando las medidas adecuadas de car\u00e1cter t\u00e9cnico y organizativo contra el tratamiento no autorizado o il\u00edcito y contra su p\u00e9rdida, destrucci\u00f3n o da\u00f1o accidentales, haciendo todo lo posible por protegerlos y mantenerlos de forma segura.<\/p><p><strong><u>QU\u00c9 DATOS PERSONALES COMPARTIMOS CON TERCEROS<\/u><\/strong><\/p><p>No se prev\u00e9n cesiones de datos salvo en aquellos casos en que exista una obligaci\u00f3n legal. No hay previsi\u00f3n de transferencias de datos internacionales.<\/p>\t\t\t\t\t\t\t\t<\/div>\n\t\t\t\t<\/div>\n\t\t\t\t\t<\/div>\n\t\t<\/div>\n\t\t\t\t\t<\/div>\n\t\t<\/section>\n\t\t\t\t<\/div>\n\t\t","protected":false},"excerpt":{"rendered":"<p>Pol\u00c3\u00adticas de privacidad SIE Sta. Perp\u00c3\u00a8tua, S.L. es una empresa en la que la transparencia en la informaci\u00c3\u00b3n es fundamental para establecer una relaci\u00c3\u00b3n de confianza con las personas que forman nuestro proyecto y con nuestros proveedores y clientes, siendo la protecci\u00c3\u00b3n de los datos personales de las personas que conf\u00c3\u00adan en nosotros de vital [&hellip;]<\/p>\n","protected":false},"author":1,"featured_media":0,"parent":0,"menu_order":0,"comment_status":"closed","ping_status":"closed","template":"elementor_header_footer","meta":{"footnotes":""},"class_list":["post-717","page","type-page","status-publish","hentry"],"_links":{"self":[{"href":"https:\/\/sie-sta-perpetua.com\/es\/wp-json\/wp\/v2\/pages\/717","targetHints":{"allow":["GET"]}}],"collection":[{"href":"https:\/\/sie-sta-perpetua.com\/es\/wp-json\/wp\/v2\/pages"}],"about":[{"href":"https:\/\/sie-sta-perpetua.com\/es\/wp-json\/wp\/v2\/types\/page"}],"author":[{"embeddable":true,"href":"https:\/\/sie-sta-perpetua.com\/es\/wp-json\/wp\/v2\/users\/1"}],"replies":[{"embeddable":true,"href":"https:\/\/sie-sta-perpetua.com\/es\/wp-json\/wp\/v2\/comments?post=717"}],"version-history":[{"count":5,"href":"https:\/\/sie-sta-perpetua.com\/es\/wp-json\/wp\/v2\/pages\/717\/revisions"}],"predecessor-version":[{"id":938,"href":"https:\/\/sie-sta-perpetua.com\/es\/wp-json\/wp\/v2\/pages\/717\/revisions\/938"}],"wp:attachment":[{"href":"https:\/\/sie-sta-perpetua.com\/es\/wp-json\/wp\/v2\/media?parent=717"}],"curies":[{"name":"wp","href":"https:\/\/api.w.org\/{rel}","templated":true}]}}